{"id":805,"date":"2016-06-12T10:44:20","date_gmt":"2016-06-12T10:44:20","guid":{"rendered":"http:\/\/smartwpress.com\/jamsession3\/?page_id=775"},"modified":"2026-04-11T19:46:00","modified_gmt":"2026-04-11T16:46:00","slug":"page-with-image","status":"publish","type":"page","link":"https:\/\/popera.fi\/","title":{"rendered":""},"content":{"rendered":"<div class=\"wpb-content-wrapper\"><p>[vc_row][vc_column][\/vc_column][\/vc_row][vc_row content_placement=&#8221;middle&#8221;][vc_column width=&#8221;1\/2&#8243;][vc_empty_space height=&#8221;30px&#8221;][vc_single_image image=&#8221;1421&#8243; img_size=&#8221;large&#8221; alignment=&#8221;center&#8221; css=&#8221;&#8221;][vc_empty_space height=&#8221;30px&#8221;][vc_single_image image=&#8221;1422&#8243; img_size=&#8221;large&#8221; alignment=&#8221;center&#8221; css=&#8221;&#8221;][vc_empty_space height=&#8221;30px&#8221;][vc_single_image image=&#8221;1423&#8243; img_size=&#8221;large&#8221; alignment=&#8221;center&#8221; css=&#8221;&#8221;][vc_empty_space height=&#8221;30px&#8221;][vc_video link=&#8221;https:\/\/www.youtube.com\/watch?v=hs0hBT2nyr8&#8243; css=&#8221;&#8221;][\/vc_column][vc_column width=&#8221;1\/2&#8243;][vc_empty_space height=&#8221;30px&#8221;][vc_column_text css=&#8221;&#8221;]<\/p>\r\n<h4><span class=\"first-letter\">B<\/span>ileb\u00e4ndi\u00a0<strong>POP-ERA<\/strong>\u00a0koostuu nelj\u00e4st\u00e4 rockis\u00e4nn\u00e4st\u00e4. Kyseess\u00e4 ole mit\u00e4\u00e4n opiston poikia, vaan keikoilla koulittuja\u00a0<em><strong>rokkikukkoja<\/strong><\/em>, jotka tiet\u00e4v\u00e4t ett\u00e4 aito Rock\u2019n Roll l\u00e4htee nivusista!<\/h4>\r\n<p>[\/vc_column_text][vc_column_text css=&#8221;&#8221;]<\/p>\r\n<p><!-- \/wp:post-content -->\r\n\r\n<!-- wp:shortcode -->[vc_column_text css_animation=&#8221;fadeIn&#8221; el_id=&#8221;pop-slogan-main&#8221;]<\/p>\r\n<blockquote>\r\n<p>Orkesterin repertuaariin kuuluu poppia, rokkia, hevi\u00e4 sek\u00e4 finnhitsej\u00e4 aina tilaisuuteen sopivalla sekoitussuhteella.<\/p>\r\n<\/blockquote>\r\n<p>[\/vc_column_text][vc_column_text css=&#8221;&#8221;]<\/p>\r\n<h4>Tilaa\u00a0<strong>POP-ERA<\/strong>\u00a0bileisiin ja saat varmasti rahalle vastinetta.\u00a0<a href=\"\/?page_id=2\">Ota yhteytt\u00e4<\/a>\u00a0ja sorvataan juhliisi sopiva paketti. Meilt\u00e4 onnistuu \u00e4\u00e4net, valot, savut ja ennen kaikkea hyv\u00e4 meininki!<\/h4>\r\n<p>[\/vc_column_text][vc_empty_space height=&#8221;30px&#8221;][vc_raw_html css=&#8221;&#8221;]JTNDc2NyaXB0JTIwYXN5bmMlM0QlMjIlMjIlMjBkZWZlciUzRCUyMiUyMiUyMGNyb3Nzb3JpZ2luJTNEJTIyYW5vbnltb3VzJTIyJTIwc3JjJTNEJTIyaHR0cHMlM0ElMkYlMkZjb25uZWN0LmZhY2Vib29rLm5ldCUyRmVuX1VTJTJGc2RrLmpzJTIzeGZibWwlM0QxJTI2YW1wJTNCdmVyc2lvbiUzRHYxMi4wJTIyJTIwbm9uY2UlM0QlMjIyY0dMZXlPWCUyMiUzRSUzQyUyRnNjcmlwdCUzRSUwQSUwQSUwQSUwQSUzQ2RpdiUyMGNsYXNzJTNEJTIyZmItcGFnZSUyMiUyMGRhdGEtaHJlZiUzRCUyMmh0dHBzJTNBJTJGJTJGd3d3LmZhY2Vib29rLmNvbSUyRnBvcC5wb3AucG9wZXJhJTIyJTIwZGF0YS10YWJzJTNEJTIydGltZWxpbmUlMjIlMjBkYXRhLXdpZHRoJTNEJTIyNDAwJTIyJTIwZGF0YS1oZWlnaHQlM0QlMjI2MDAlMjIlMjBkYXRhLXNtYWxsLWhlYWRlciUzRCUyMnRydWUlMjIlMjBkYXRhLWFkYXB0LWNvbnRhaW5lci13aWR0aCUzRCUyMnRydWVlJTIyJTIwZGF0YS1oaWRlLWNvdmVyJTNEJTIyZmFsc2UlMjIlMjBkYXRhLXNob3ctZmFjZXBpbGUlM0QlMjJmYWxzZSUyMiUzRSUzQ2Jsb2NrcXVvdGUlMjBjaXRlJTNEJTIyaHR0cHMlM0ElMkYlMkZ3d3cuZmFjZWJvb2suY29tJTJGcG9wLnBvcC5wb3BlcmElMjIlMjBjbGFzcyUzRCUyMmZiLXhmYm1sLXBhcnNlLWlnbm9yZSUyMiUzRSUzQ3AlM0UlM0NibG9ja3F1b3RlJTNFJTNDYSUyMGhyZWYlM0QlMjdodHRwcyUzQSUyRiUyRnd3dy5mYWNlYm9vay5jb20lMkZwb3AucG9wLnBvcGVyYSUyNyUzRVBPUC1FUkElMjBGYWNlYm9va2lzc2ElM0MlMkZhJTNFJTNDJTJGcCUzRSUzQyUyRmJsb2NrcXVvdGUlM0UlM0MlMkZkaXYlM0UlMEE=[\/vc_raw_html][vc_empty_space][\/vc_column][\/vc_row][vc_row][vc_column][vc_empty_space height=&#8221;40px&#8221;][vc_single_image image=&#8221;1491&#8243; img_size=&#8221;full&#8221; alignment=&#8221;center&#8221; css=&#8221;&#8221;][vc_raw_html css=&#8221;&#8221;]JTNDcCUzRSUzQ2ElMjBocmVmJTNEJTI3aHR0cHMlM0ElMkYlMkZ3d3cucm9ja3BhaWRhdC5jb20lMkZmaSUyRmFydGlzdGlrYXVwYXQlMkZrb3RpbWFpc2V0LWJhbmRpdCUyRnBhdGUtbXVzdGFqJTI1QzMlMjVBNHJ2aSUyNyUzRVBPUC1FUkFhJTI4a2FhbiUyOSUyMGVpJTIwb2xpc2klMjBpbG1hbiUyMFBhdGVhLiUzQyUyRmElM0UlM0MlMkZwJTNFJTBB[\/vc_raw_html][\/vc_column][\/vc_row]<\/p><\/div>","protected":false},"excerpt":{"rendered":"<p>[vc_row][vc_column][\/vc_column][\/vc_row][vc_row content_placement=&#8221;middle&#8221;][vc_column width=&#8221;1\/2&#8243;][vc_empty_space height=&#8221;30px&#8221;][vc_single_image image=&#8221;1421&#8243; img_size=&#8221;large&#8221; alignment=&#8221;center&#8221; css=&#8221;&#8221;][vc_empty_space height=&#8221;30px&#8221;][vc_single_image image=&#8221;1422&#8243; img_size=&#8221;large&#8221; alignment=&#8221;center&#8221; css=&#8221;&#8221;][vc_empty_space height=&#8221;30px&#8221;][vc_single_image image=&#8221;1423&#8243; img_size=&#8221;large&#8221; alignment=&#8221;center&#8221; css=&#8221;&#8221;][vc_empty_space height=&#8221;30px&#8221;][vc_video link=&#8221;https:\/\/www.youtube.com\/watch?v=hs0hBT2nyr8&#8243;<\/p>\n","protected":false},"author":1,"featured_media":0,"parent":0,"menu_order":0,"comment_status":"closed","ping_status":"closed","template":"","meta":{"footnotes":""},"class_list":["post-805","page","type-page","status-publish","hentry"],"_links":{"self":[{"href":"https:\/\/popera.fi\/index.php?rest_route=\/wp\/v2\/pages\/805","targetHints":{"allow":["GET"]}}],"collection":[{"href":"https:\/\/popera.fi\/index.php?rest_route=\/wp\/v2\/pages"}],"about":[{"href":"https:\/\/popera.fi\/index.php?rest_route=\/wp\/v2\/types\/page"}],"author":[{"embeddable":true,"href":"https:\/\/popera.fi\/index.php?rest_route=\/wp\/v2\/users\/1"}],"replies":[{"embeddable":true,"href":"https:\/\/popera.fi\/index.php?rest_route=%2Fwp%2Fv2%2Fcomments&post=805"}],"version-history":[{"count":93,"href":"https:\/\/popera.fi\/index.php?rest_route=\/wp\/v2\/pages\/805\/revisions"}],"predecessor-version":[{"id":1498,"href":"https:\/\/popera.fi\/index.php?rest_route=\/wp\/v2\/pages\/805\/revisions\/1498"}],"wp:attachment":[{"href":"https:\/\/popera.fi\/index.php?rest_route=%2Fwp%2Fv2%2Fmedia&parent=805"}],"curies":[{"name":"wp","href":"https:\/\/api.w.org\/{rel}","templated":true}]}}