{"id":2,"date":"2017-10-09T15:56:48","date_gmt":"2017-10-09T12:56:48","guid":{"rendered":"https:\/\/pop-era.dy.fi\/?page_id=2"},"modified":"2026-04-13T09:04:08","modified_gmt":"2026-04-13T06:04:08","slug":"esimerkkisivu","status":"publish","type":"page","link":"https:\/\/popera.fi\/?page_id=2","title":{"rendered":""},"content":{"rendered":"<div class=\"wpb-content-wrapper\"><p>[vc_row][vc_column][vc_empty_space height=&#8221;25&#8243;][vc_column_text css=&#8221;&#8221;]<\/p>\n<h2>KEIKALLE<\/h2>\n<p>[\/vc_column_text][vc_empty_space height=&#8221;40px&#8221;][\/vc_column][\/vc_row][vc_row][vc_column width=&#8221;1\/2&#8243;][vc_column_text css=&#8221;&#8221;]<\/p>\n<blockquote><p><strong>POP-ERA<\/strong> tekee keikkaa perinteisell\u00e4 rummut\/kitara\/basso\/laulu -kokoonpanolla. Pieniin tiloihin <strong>POP-ERA<\/strong> saapuu s\u00e4hk\u00f6rummuilla, jolloin volyymit pysyv\u00e4t kurissa!<\/p>\n<p>Mukana tuleva kalusto r\u00e4\u00e4t\u00e4l\u00f6id\u00e4\u00e4n aina vastaamaan tilan ja tilaajan tarpeita. Orkesteri on my\u00f6s n\u00e4hty ja kuultu <em>l\u00e4hes<\/em> akustisena ja joitakin balladeja on tulkittu keikoilla akustisten kitaroiden ja laulun voimin.<\/p><\/blockquote>\n<p>[\/vc_column_text][\/vc_column][vc_column width=&#8221;1\/2&#8243;][vc_empty_space height=&#8221;20&#8243;][vc_single_image image=&#8221;1050&#8243; img_size=&#8221;full&#8221; alignment=&#8221;center&#8221; css=&#8221;&#8221;][\/vc_column][\/vc_row][vc_row][vc_column][vc_empty_space height=&#8221;35&#8243;][\/vc_column][\/vc_row][vc_row][vc_column width=&#8221;1\/2&#8243;][vc_empty_space height=&#8221;20&#8243;][vc_single_image image=&#8221;131&#8243; img_size=&#8221;full&#8221; alignment=&#8221;center&#8221; css=&#8221;&#8221;][\/vc_column][vc_column width=&#8221;1\/2&#8243;][vc_column_text css=&#8221;&#8221;]<\/p>\n<blockquote><p>Orkesterin repertuaariin kuuluu poppia, rokkia, hevi\u00e4 sek\u00e4 finnhitsej\u00e4 tilaisuuteen sopivalla sekoitussuhteella. Repertuaarin voit ladata PDF-muotoisena <a href=\"https:\/\/popera.fi\/Pop-Era_Repertoire.pdf\">t\u00e4st\u00e4<\/a>.<\/p><\/blockquote>\n<blockquote><p>Viime vuosina <strong>POP-ERA<\/strong> on niitt\u00e4nyt mainetta my\u00f6s H\u00c4\u00c4B\u00c4NDIN\u00c4, joka ei humppaan koske.\u00a0 Keikkasetti venyy tarvittaessa h\u00e4\u00e4valssien puolelle, mutta ei h\u00e4t\u00e4\u00e4, sill\u00e4 nekin ovat taattua <strong>POP-ERA<\/strong> laatua!<\/p><\/blockquote>\n<p>[\/vc_column_text][\/vc_column][\/vc_row][vc_row][vc_column][vc_empty_space height=&#8221;40px&#8221;][\/vc_column][\/vc_row][vc_row][vc_column width=&#8221;1\/2&#8243;][vc_column_text css=&#8221;&#8221;]<\/p>\n<h4>Tilaa POP-ERA bileisiin ja saat varmasti rahalle vastinetta! Ota yhteytt\u00e4 ja sorvataan juhliisi sopiva paketti. Meilt\u00e4 onnistuu \u00e4\u00e4net, valot, savut ja ennen kaikkea hyv\u00e4 meininki!<\/h4>\n<p>[\/vc_column_text][\/vc_column][vc_column width=&#8221;1\/2&#8243;][vc_empty_space height=&#8221;20&#8243;][vc_single_image image=&#8221;1225&#8243; img_size=&#8221;full&#8221; alignment=&#8221;center&#8221; css=&#8221;&#8221;][\/vc_column][\/vc_row][vc_row][vc_column][vc_empty_space height=&#8221;40px&#8221;][\/vc_column][\/vc_row][vc_row][vc_column width=&#8221;1\/2&#8243;][vc_empty_space height=&#8221;20&#8243;][vc_single_image image=&#8221;807&#8243; img_size=&#8221;full&#8221; alignment=&#8221;center&#8221; css=&#8221;&#8221;][\/vc_column][vc_column width=&#8221;1\/2&#8243;][vc_column_text css=&#8221;&#8221;]<\/p>\n<blockquote><p>Lis\u00e4\u00e4 maistiaisia keikkamenosta l\u00f6yd\u00e4t \u00a0<a href=\"http:\/\/www.youtube.com\/poperankalu\">Tuubista<\/a>.<\/p><\/blockquote>\n<p>[\/vc_column_text][\/vc_column][\/vc_row]<\/p>\n<\/div>","protected":false},"excerpt":{"rendered":"<p>[vc_row][vc_column][vc_empty_space height=&#8221;25&#8243;][vc_column_text css=&#8221;&#8221;] KEIKALLE [\/vc_column_text][vc_empty_space height=&#8221;40px&#8221;][\/vc_column][\/vc_row][vc_row][vc_column width=&#8221;1\/2&#8243;][vc_column_text css=&#8221;&#8221;] POP-ERA tekee keikkaa perinteisell\u00e4 rummut\/kitara\/basso\/laulu -kokoonpanolla. Pieniin tiloihin POP-ERA saapuu s\u00e4hk\u00f6rummuilla, jolloin<\/p>\n","protected":false},"author":1,"featured_media":0,"parent":0,"menu_order":0,"comment_status":"closed","ping_status":"closed","template":"","meta":{"footnotes":""},"class_list":["post-2","page","type-page","status-publish","hentry"],"_links":{"self":[{"href":"https:\/\/popera.fi\/index.php?rest_route=\/wp\/v2\/pages\/2","targetHints":{"allow":["GET"]}}],"collection":[{"href":"https:\/\/popera.fi\/index.php?rest_route=\/wp\/v2\/pages"}],"about":[{"href":"https:\/\/popera.fi\/index.php?rest_route=\/wp\/v2\/types\/page"}],"author":[{"embeddable":true,"href":"https:\/\/popera.fi\/index.php?rest_route=\/wp\/v2\/users\/1"}],"replies":[{"embeddable":true,"href":"https:\/\/popera.fi\/index.php?rest_route=%2Fwp%2Fv2%2Fcomments&post=2"}],"version-history":[{"count":37,"href":"https:\/\/popera.fi\/index.php?rest_route=\/wp\/v2\/pages\/2\/revisions"}],"predecessor-version":[{"id":1501,"href":"https:\/\/popera.fi\/index.php?rest_route=\/wp\/v2\/pages\/2\/revisions\/1501"}],"wp:attachment":[{"href":"https:\/\/popera.fi\/index.php?rest_route=%2Fwp%2Fv2%2Fmedia&parent=2"}],"curies":[{"name":"wp","href":"https:\/\/api.w.org\/{rel}","templated":true}]}}